{"id":161,"date":"2025-02-22T12:15:19","date_gmt":"2025-02-22T10:15:19","guid":{"rendered":"https:\/\/ratakamat.eu\/?post_type=product&#038;p=161"},"modified":"2025-07-21T19:09:50","modified_gmt":"2025-07-21T16:09:50","slug":"tojapak-sra-taulu-ruskea-valkoinen","status":"publish","type":"product","link":"https:\/\/ratakamat.eu\/index.php\/product\/tojapak-sra-taulu-ruskea-valkoinen\/","title":{"rendered":"Tojapak SRA taulu, ruskea\/valkoinen"},"content":{"rendered":"<p>SRA s\u00e4\u00e4nt\u00f6kirjan ver. 8.1 mukaisilla pistealueilla varustettu taulu 50 kappaleen nipuissa. Taulut ovat tukevaa nelj\u00e4n millimetrin aaltopahvia.<\/p>\n","protected":false},"excerpt":{"rendered":"<p>SRA s\u00e4\u00e4nt\u00f6kirjan ver. 8.1 mukaisilla pistealueilla varustettu taulu 50 kappaleen nipuissa. Taulut ovat tukevaa nelj\u00e4n millimetrin aaltopahvia.<\/p>\n","protected":false},"featured_media":165,"comment_status":"closed","ping_status":"closed","template":"","meta":[],"product_brand":[],"product_cat":[18],"product_tag":[],"class_list":{"0":"post-161","1":"product","2":"type-product","3":"status-publish","4":"has-post-thumbnail","6":"product_cat-taulut","7":"product_shipping_class-paketti","9":"first","10":"instock","11":"shipping-taxable","12":"purchasable","13":"product-type-simple"},"jetpack_sharing_enabled":true,"_links":{"self":[{"href":"https:\/\/ratakamat.eu\/index.php\/wp-json\/wp\/v2\/product\/161","targetHints":{"allow":["GET"]}}],"collection":[{"href":"https:\/\/ratakamat.eu\/index.php\/wp-json\/wp\/v2\/product"}],"about":[{"href":"https:\/\/ratakamat.eu\/index.php\/wp-json\/wp\/v2\/types\/product"}],"replies":[{"embeddable":true,"href":"https:\/\/ratakamat.eu\/index.php\/wp-json\/wp\/v2\/comments?post=161"}],"wp:featuredmedia":[{"embeddable":true,"href":"https:\/\/ratakamat.eu\/index.php\/wp-json\/wp\/v2\/media\/165"}],"wp:attachment":[{"href":"https:\/\/ratakamat.eu\/index.php\/wp-json\/wp\/v2\/media?parent=161"}],"wp:term":[{"taxonomy":"product_brand","embeddable":true,"href":"https:\/\/ratakamat.eu\/index.php\/wp-json\/wp\/v2\/product_brand?post=161"},{"taxonomy":"product_cat","embeddable":true,"href":"https:\/\/ratakamat.eu\/index.php\/wp-json\/wp\/v2\/product_cat?post=161"},{"taxonomy":"product_tag","embeddable":true,"href":"https:\/\/ratakamat.eu\/index.php\/wp-json\/wp\/v2\/product_tag?post=161"}],"curies":[{"name":"wp","href":"https:\/\/api.w.org\/{rel}","templated":true}]}}