{"id":154,"date":"2025-01-06T12:32:22","date_gmt":"2025-01-06T10:32:22","guid":{"rendered":"https:\/\/ratakamat.eu\/?post_type=product&#038;p=154"},"modified":"2025-07-29T10:06:14","modified_gmt":"2025-07-29T07:06:14","slug":"k-frame-pikalaturit-idpa-setti","status":"publish","type":"product","link":"https:\/\/ratakamat.eu\/index.php\/product\/k-frame-pikalaturit-idpa-setti\/","title":{"rendered":"K-frame pikalaturit &#8221;IDPA setti&#8221;"},"content":{"rendered":"<p>IDPA s\u00e4\u00e4nt\u00f6jen mukainen m\u00e4\u00e4r\u00e4 pikalatureita alennettuun kokonaishintaan. Kolme laturia telineineen kantoon ja yksi laturi k\u00e4ytett\u00e4v\u00e4ksi l\u00e4hd\u00f6ss\u00e4 sujuvaan rullan t\u00e4ytt\u00e4miseen, tuotekuvan mukainen kokonaisuus.<\/p>\n","protected":false},"excerpt":{"rendered":"<p>IDPA s\u00e4\u00e4nt\u00f6jen mukainen m\u00e4\u00e4r\u00e4 pikalatureita alennettuun kokonaishintaan. Kolme laturia telineineen kantoon ja yksi laturi k\u00e4ytett\u00e4v\u00e4ksi l\u00e4hd\u00f6ss\u00e4 sujuvaan rullan t\u00e4ytt\u00e4miseen, tuotekuvan mukainen kokonaisuus.<\/p>\n","protected":false},"featured_media":155,"comment_status":"closed","ping_status":"closed","template":"","meta":[],"product_brand":[],"product_cat":[35],"product_tag":[],"class_list":{"0":"post-154","1":"product","2":"type-product","3":"status-publish","4":"has-post-thumbnail","6":"product_cat-ratavarusteet","7":"product_shipping_class-pienipakketti","9":"first","10":"instock","11":"shipping-taxable","12":"purchasable","13":"product-type-simple"},"jetpack_sharing_enabled":true,"_links":{"self":[{"href":"https:\/\/ratakamat.eu\/index.php\/wp-json\/wp\/v2\/product\/154","targetHints":{"allow":["GET"]}}],"collection":[{"href":"https:\/\/ratakamat.eu\/index.php\/wp-json\/wp\/v2\/product"}],"about":[{"href":"https:\/\/ratakamat.eu\/index.php\/wp-json\/wp\/v2\/types\/product"}],"replies":[{"embeddable":true,"href":"https:\/\/ratakamat.eu\/index.php\/wp-json\/wp\/v2\/comments?post=154"}],"wp:featuredmedia":[{"embeddable":true,"href":"https:\/\/ratakamat.eu\/index.php\/wp-json\/wp\/v2\/media\/155"}],"wp:attachment":[{"href":"https:\/\/ratakamat.eu\/index.php\/wp-json\/wp\/v2\/media?parent=154"}],"wp:term":[{"taxonomy":"product_brand","embeddable":true,"href":"https:\/\/ratakamat.eu\/index.php\/wp-json\/wp\/v2\/product_brand?post=154"},{"taxonomy":"product_cat","embeddable":true,"href":"https:\/\/ratakamat.eu\/index.php\/wp-json\/wp\/v2\/product_cat?post=154"},{"taxonomy":"product_tag","embeddable":true,"href":"https:\/\/ratakamat.eu\/index.php\/wp-json\/wp\/v2\/product_tag?post=154"}],"curies":[{"name":"wp","href":"https:\/\/api.w.org\/{rel}","templated":true}]}}