{"id":3,"date":"2023-07-03T11:08:13","date_gmt":"2023-07-03T11:08:13","guid":{"rendered":"http:\/\/ratakamat.eu\/?page_id=3"},"modified":"2023-10-06T15:06:27","modified_gmt":"2023-10-06T12:06:27","slug":"privacy-policy","status":"publish","type":"page","link":"https:\/\/ratakamat.eu\/index.php\/privacy-policy\/","title":{"rendered":"GDPR"},"content":{"rendered":"\n<h2 class=\"wp-block-heading\">Tietosuojaseloste<\/h2>\n\n\n\n<p>T\u00e4m\u00e4 on Yrityksen henkil\u00f6tietolain (10 ja 24 \u00a7) ja EU:n yleisen tietosuoja-asetuksen (GDPR) mukainen rekisteri- ja tietosuojaseloste. Laadittu 7.4.2021. Viimeisin muutos 7.4.2021.<\/p>\n\n\n\n<h3 class=\"wp-block-heading\">1. Rekisterinpit\u00e4j\u00e4<\/h3>\n\n\n\n<p>Versio Group Osuuskunta<br>Naruportintie 56<br>02860 Espoo<\/p>\n\n\n\n<p>0415280403<br>myynti@versio.fi<br>versio.fi<br>2409275-5<\/p>\n\n\n\n<figure class=\"wp-block-table\"><table><tbody><tr><td><a href=\"https:\/\/tietopalvelu.ytj.fi\/yritystiedot.aspx?yavain=2328313&amp;tarkiste=8E504620A4E06C2677D5B6B80A6A01594A961C08\"><\/a><\/td><\/tr><\/tbody><\/table><\/figure>\n\n\n\n<h3 class=\"wp-block-heading\">2. Rekisterist\u00e4 vastaava yhteyshenkil\u00f6<\/h3>\n\n\n\n<p>Jukka Lahti, jukka@versio.fi<\/p>\n\n\n\n<h3 class=\"wp-block-heading\">3. Rekisterin nimi<\/h3>\n\n\n\n<p>Verkkopalvelun k\u00e4ytt\u00e4j\u00e4rekisteri<\/p>\n\n\n\n<h3 class=\"wp-block-heading\">4. Oikeusperuste ja henkil\u00f6tietojen k\u00e4sittelyn tarkoitus<\/h3>\n\n\n\n<p>EU:n yleisen tietosuoja-asetuksen mukainen oikeusperuste henkil\u00f6tietojen k\u00e4sittelylle on<\/p>\n\n\n\n<p>\u2013 sopimus, jossa rekister\u00f6ity on osapuolena<\/p>\n\n\n\n<p>\u2013 rekisterinpit\u00e4j\u00e4n oikeutettu etu<\/p>\n\n\n\n<h3 class=\"wp-block-heading\">5. Rekisterin tietosis\u00e4lt\u00f6<\/h3>\n\n\n\n<p>Rekisteriin tallennettavia tietoja ovat: Henkil\u00f6n nimi, Yhteystiedot(osoite, puhelin numero, s\u00e4hk\u00f6postiosoite),&nbsp;tiedot tilatuista palveluista&amp;tuotteista ja niiden muutoksista, laskutustiedot, muut asiakassuhteeseen ja tilattuihin palveluihin&amp;tuotteisiin&nbsp;liittyv\u00e4t tiedot.<\/p>\n\n\n\n<h3 class=\"wp-block-heading\">6. S\u00e4\u00e4nn\u00f6nmukaiset tietol\u00e4hteet<\/h3>\n\n\n\n<p>Rekisteriin tallennettavat tiedot saadaan asiakkaalta mm. www-lomakkeilla l\u00e4hetetyist\u00e4 viesteist\u00e4, s\u00e4hk\u00f6postitse, puhelimitse,&nbsp;sosiaalisen median palvelujen kautta, sopimuksista, asiakastapaamisista ja muista tilanteista, joissa asiakas luovuttaa tietojaan.<\/p>\n\n\n\n<h3 class=\"wp-block-heading\">7. Tietojen s\u00e4\u00e4nn\u00f6nmukaiset luovutukset ja tietojen siirto EU:n tai ETA:n ulkopuolelle<\/h3>\n\n\n\n<p>Tietoja ei luovuteta s\u00e4\u00e4nn\u00f6nmukaisesti muille tahoille. Tietoja voidaan julkaista silt\u00e4 osin kuin niin on sovittu asiakkaan kanssa.<\/p>\n\n\n\n<h3 class=\"wp-block-heading\">8. Rekisterin suojauksen periaatteet<\/h3>\n\n\n\n<p>Rekisterin k\u00e4sittelyss\u00e4 noudatetaan huolellisuutta ja tietoj\u00e4rjestelmien avulla k\u00e4sitelt\u00e4v\u00e4t tiedot suojataan asianmukaisesti. Kun rekisteritietoja s\u00e4ilytet\u00e4\u00e4n Internet-palvelimilla, niiden laitteiston fyysisest\u00e4 ja digitaalisesta tietoturvasta huolehditaan asiaankuuluvasti. Rekisterinpit\u00e4j\u00e4 huolehtii siit\u00e4, ett\u00e4 tallennettuja tietoja sek\u00e4 palvelimien k\u00e4ytt\u00f6oikeuksia ja muita henkil\u00f6tietojen turvallisuuden kannalta kriittisi\u00e4 tietoja k\u00e4sitell\u00e4\u00e4n luottamuksellisesti ja vain niiden ty\u00f6ntekij\u00f6iden toimesta, joiden ty\u00f6nkuvaan se kuuluu.<\/p>\n\n\n\n<h3 class=\"wp-block-heading\">9. Tarkastusoikeus ja oikeus vaatia tiedon korjaamista<\/h3>\n\n\n\n<p>Jokaisella rekisteriss\u00e4 olevalla henkil\u00f6ll\u00e4 on oikeus tarkistaa rekisteriin tallennetut tietonsa ja vaatia mahdollisen virheellisen tiedon korjaamista tai puutteellisen tiedon t\u00e4ydent\u00e4mist\u00e4. Mik\u00e4li henkil\u00f6 haluaa tarkistaa h\u00e4nest\u00e4 tallennetut tiedot tai vaatia niihin oikaisua, pyynt\u00f6 tulee l\u00e4hett\u00e4\u00e4 kirjallisesti rekisterinpit\u00e4j\u00e4lle. Rekisterinpit\u00e4j\u00e4 voi pyyt\u00e4\u00e4 tarvittaessa pyynn\u00f6n esitt\u00e4j\u00e4\u00e4 todistamaan henkil\u00f6llisyytens\u00e4. Rekisterinpit\u00e4j\u00e4 vastaa asiakkaalle EU:n tietosuoja-asetuksessa s\u00e4\u00e4detyss\u00e4 ajassa (p\u00e4\u00e4s\u00e4\u00e4nt\u00f6isesti kuukauden kuluessa).<\/p>\n\n\n\n<h3 class=\"wp-block-heading\">10. Muut henkil\u00f6tietojen k\u00e4sittelyyn liittyv\u00e4t oikeudet<\/h3>\n\n\n\n<p>Rekisteriss\u00e4 olevalla henkil\u00f6ll\u00e4 on oikeus pyyt\u00e4\u00e4 h\u00e4nt\u00e4 koskevien henkil\u00f6tietojen poistamiseen rekisterist\u00e4 (\u201coikeus tulla unohdetuksi\u201d). Niin ik\u00e4\u00e4n rekister\u00f6idyill\u00e4 on muut&nbsp;<a href=\"http:\/\/eur-lex.europa.eu\/legal-content\/FI\/TXT\/?uri=CELEX%3A32016R0679#d1e2144-1-1\" target=\"_blank\" rel=\"noreferrer noopener\">EU:n yleisen tietosuoja-asetuksen mukaiset oikeudet<\/a>&nbsp;kuten henkil\u00f6tietojen k\u00e4sittelyn rajoittaminen tietyiss\u00e4 tilanteissa. Pyynn\u00f6t tulee l\u00e4hett\u00e4\u00e4 kirjallisesti rekisterinpit\u00e4j\u00e4lle. Rekisterinpit\u00e4j\u00e4 voi pyyt\u00e4\u00e4 tarvittaessa pyynn\u00f6n esitt\u00e4j\u00e4\u00e4 todistamaan henkil\u00f6llisyytens\u00e4. Rekisterinpit\u00e4j\u00e4 vastaa asiakkaalle EU:n tietosuoja-asetuksessa s\u00e4\u00e4detyss\u00e4 ajassa (p\u00e4\u00e4s\u00e4\u00e4nt\u00f6isesti kuukauden kuluessa).<\/p>\n","protected":false},"excerpt":{"rendered":"<p>Tietosuojaseloste T\u00e4m\u00e4 on Yrityksen henkil\u00f6tietolain (10 ja 24 \u00a7) ja EU:n yleisen tietosuoja-asetuksen (GDPR) mukainen rekisteri- ja tietosuojaseloste. Laadittu 7.4.2021. Viimeisin muutos 7.4.2021. 1. Rekisterinpit\u00e4j\u00e4 Versio Group OsuuskuntaNaruportintie 5602860 Espoo 0415280403myynti@versio.fiversio.fi2409275-5 2. Rekisterist\u00e4 vastaava yhteyshenkil\u00f6 Jukka Lahti, jukka@versio.fi 3. Rekisterin nimi Verkkopalvelun k\u00e4ytt\u00e4j\u00e4rekisteri 4. Oikeusperuste ja henkil\u00f6tietojen k\u00e4sittelyn tarkoitus EU:n yleisen tietosuoja-asetuksen mukainen oikeusperuste henkil\u00f6tietojen [&hellip;]<\/p>\n","protected":false},"author":1,"featured_media":0,"parent":0,"menu_order":0,"comment_status":"closed","ping_status":"open","template":"","meta":{"footnotes":""},"class_list":["post-3","page","type-page","status-publish","hentry"],"jetpack_sharing_enabled":true,"_links":{"self":[{"href":"https:\/\/ratakamat.eu\/index.php\/wp-json\/wp\/v2\/pages\/3","targetHints":{"allow":["GET"]}}],"collection":[{"href":"https:\/\/ratakamat.eu\/index.php\/wp-json\/wp\/v2\/pages"}],"about":[{"href":"https:\/\/ratakamat.eu\/index.php\/wp-json\/wp\/v2\/types\/page"}],"author":[{"embeddable":true,"href":"https:\/\/ratakamat.eu\/index.php\/wp-json\/wp\/v2\/users\/1"}],"replies":[{"embeddable":true,"href":"https:\/\/ratakamat.eu\/index.php\/wp-json\/wp\/v2\/comments?post=3"}],"version-history":[{"count":3,"href":"https:\/\/ratakamat.eu\/index.php\/wp-json\/wp\/v2\/pages\/3\/revisions"}],"predecessor-version":[{"id":85,"href":"https:\/\/ratakamat.eu\/index.php\/wp-json\/wp\/v2\/pages\/3\/revisions\/85"}],"wp:attachment":[{"href":"https:\/\/ratakamat.eu\/index.php\/wp-json\/wp\/v2\/media?parent=3"}],"curies":[{"name":"wp","href":"https:\/\/api.w.org\/{rel}","templated":true}]}}